{"id":387,"date":"2019-10-06T02:08:55","date_gmt":"2019-10-06T00:08:55","guid":{"rendered":"http:\/\/niceversa.com\/?page_id=387"},"modified":"2021-01-18T19:56:03","modified_gmt":"2021-01-18T18:56:03","slug":"faq","status":"publish","type":"page","link":"https:\/\/niceversa.com\/?page_id=387","title":{"rendered":"FAQ"},"content":{"rendered":"\t\t<div data-elementor-type=\"wp-page\" data-elementor-id=\"387\" class=\"elementor elementor-387\">\n\t\t\t\t\t\t<div class=\"elementor-inner\">\n\t\t\t\t<div class=\"elementor-section-wrap\">\n\t\t\t\t\t\t\t\t\t<section class=\"elementor-section elementor-top-section elementor-element elementor-element-fc486df elementor-section-boxed elementor-section-height-default elementor-section-height-default\" data-id=\"fc486df\" data-element_type=\"section\">\n\t\t\t\t\t\t<div class=\"elementor-container elementor-column-gap-default\">\n\t\t\t\t\t\t\t<div class=\"elementor-row\">\n\t\t\t\t\t<div class=\"elementor-column elementor-col-100 elementor-top-column elementor-element elementor-element-5df140d0\" data-id=\"5df140d0\" data-element_type=\"column\">\n\t\t\t<div class=\"elementor-column-wrap elementor-element-populated\">\n\t\t\t\t\t\t\t<div class=\"elementor-widget-wrap\">\n\t\t\t\t\t\t<div class=\"elementor-element elementor-element-3862419d elementor-widget elementor-widget-text-editor\" data-id=\"3862419d\" data-element_type=\"widget\" data-widget_type=\"text-editor.default\">\n\t\t\t\t<div class=\"elementor-widget-container\">\n\t\t\t\t\t\t\t\t<div class=\"elementor-text-editor elementor-clearfix\">\n\t\t\t\t<!-- wp:themeisle-blocks\/advanced-columns {\"id\":\"wp-block-themeisle-blocks-advanced-columns-b22ed4dd\"} -->\n<div class=\"wp-block-themeisle-blocks-advanced-columns has-undefined-columns has-desktop-undefined-layout has-tablet-equal-layout has-mobile-equal-layout has-default-gap has-vertical-unset\" id=\"wp-block-themeisle-blocks-advanced-columns-b22ed4dd\" style=\"border-width:0px;border-style:solid;border-color:#000000;border-radius:0px;justify-content:unset\"><div class=\"wp-themeisle-block-overlay\" style=\"opacity:0.5;mix-blend-mode:normal\"><\/div><div class=\"innerblocks-wrap\"><\/div><\/div>\n<!-- \/wp:themeisle-blocks\/advanced-columns -->\t\t\t\t\t<\/div>\n\t\t\t\t\t\t<\/div>\n\t\t\t\t<\/div>\n\t\t\t\t\t\t<\/div>\n\t\t\t\t\t<\/div>\n\t\t<\/div>\n\t\t\t\t\t\t\t\t<\/div>\n\t\t\t\t\t<\/div>\n\t\t<\/section>\n\t\t\t\t<section class=\"elementor-section elementor-top-section elementor-element elementor-element-cc718b9 elementor-section-content-middle elementor-section-boxed elementor-section-height-default elementor-section-height-default\" data-id=\"cc718b9\" data-element_type=\"section\">\n\t\t\t\t\t\t<div class=\"elementor-container elementor-column-gap-no\">\n\t\t\t\t\t\t\t<div class=\"elementor-row\">\n\t\t\t\t\t<div class=\"elementor-column elementor-col-100 elementor-top-column elementor-element elementor-element-74c33c9e\" data-id=\"74c33c9e\" data-element_type=\"column\">\n\t\t\t<div class=\"elementor-column-wrap elementor-element-populated\">\n\t\t\t\t\t\t\t<div class=\"elementor-widget-wrap\">\n\t\t\t\t\t\t<div class=\"elementor-element elementor-element-7196eee6 elementor-widget elementor-widget-heading\" data-id=\"7196eee6\" data-element_type=\"widget\" data-widget_type=\"heading.default\">\n\t\t\t\t<div class=\"elementor-widget-container\">\n\t\t\t<h4 class=\"elementor-heading-title elementor-size-default\">FAQ<\/h4>\t\t<\/div>\n\t\t\t\t<\/div>\n\t\t\t\t<div class=\"elementor-element elementor-element-36d24436 elementor-widget elementor-widget-heading\" data-id=\"36d24436\" data-element_type=\"widget\" data-widget_type=\"heading.default\">\n\t\t\t\t<div class=\"elementor-widget-container\">\n\t\t\t<h5 class=\"elementor-heading-title elementor-size-default\">Questions et r\u00e9ponses les plus fr\u00e9quentes <\/h5>\t\t<\/div>\n\t\t\t\t<\/div>\n\t\t\t\t<div class=\"elementor-element elementor-element-528ea2dd elementor-widget elementor-widget-toggle\" data-id=\"528ea2dd\" data-element_type=\"widget\" data-widget_type=\"toggle.default\">\n\t\t\t\t<div class=\"elementor-widget-container\">\n\t\t\t\t\t<div class=\"elementor-toggle\" role=\"tablist\">\n\t\t\t\t\t\t\t<div class=\"elementor-toggle-item\">\n\t\t\t\t\t<div id=\"elementor-tab-title-1381\" class=\"elementor-tab-title\" data-tab=\"1\" role=\"tab\" aria-controls=\"elementor-tab-content-1381\" aria-expanded=\"false\">\n\t\t\t\t\t\t\t\t\t\t\t\t<span class=\"elementor-toggle-icon elementor-toggle-icon-right\" aria-hidden=\"true\">\n\t\t\t\t\t\t\t\t\t\t\t\t\t\t\t<span class=\"elementor-toggle-icon-closed\"><i class=\"fas fa-caret-right\"><\/i><\/span>\n\t\t\t\t\t\t\t\t<span class=\"elementor-toggle-icon-opened\"><i class=\"elementor-toggle-icon-opened fas fa-caret-up\"><\/i><\/span>\n\t\t\t\t\t\t\t\t\t\t\t\t\t<\/span>\n\t\t\t\t\t\t\t\t\t\t\t\t<a href=\"\" class=\"elementor-toggle-title\">combien puis-je esp\u00e9rer gagner ?<\/a>\n\t\t\t\t\t<\/div>\n\n\t\t\t\t\t<div id=\"elementor-tab-content-1381\" class=\"elementor-tab-content elementor-clearfix\" data-tab=\"1\" role=\"tabpanel\" aria-labelledby=\"elementor-tab-title-1381\"><p>Il est difficile de pr\u00e9voir un revenu potentiel sans conna\u00eetre les atouts de votre appartement.<span>\u00a0<\/span><\/p>\n<p>N\u00e9anmoins, la location courte dur\u00e9e permet g\u00e9n\u00e9ralement d&rsquo;obtenir des revenus <strong>en moyenne 2 \u00e0 3 fois sup\u00e9rieurs \u00e0 de la location classique<\/strong> selon l&#8217;emplacement et les caract\u00e9ristiques de votre bien, vous serez donc toujours gagnant \u00e0 passer par nous.<\/p>\n<p>Contactez-nous pour obtenir une simulation plus pr\u00e9cise des revenus potentiels que pourrait g\u00e9n\u00e9rer votre bien.<\/p>\n<p><\/p><\/div>\n\t\t\t\t<\/div>\n\t\t\t\t\t\t\t<div class=\"elementor-toggle-item\">\n\t\t\t\t\t<div id=\"elementor-tab-title-1382\" class=\"elementor-tab-title\" data-tab=\"2\" role=\"tab\" aria-controls=\"elementor-tab-content-1382\" aria-expanded=\"false\">\n\t\t\t\t\t\t\t\t\t\t\t\t<span class=\"elementor-toggle-icon elementor-toggle-icon-right\" aria-hidden=\"true\">\n\t\t\t\t\t\t\t\t\t\t\t\t\t\t\t<span class=\"elementor-toggle-icon-closed\"><i class=\"fas fa-caret-right\"><\/i><\/span>\n\t\t\t\t\t\t\t\t<span class=\"elementor-toggle-icon-opened\"><i class=\"elementor-toggle-icon-opened fas fa-caret-up\"><\/i><\/span>\n\t\t\t\t\t\t\t\t\t\t\t\t\t<\/span>\n\t\t\t\t\t\t\t\t\t\t\t\t<a href=\"\" class=\"elementor-toggle-title\">Quels services sont inclus dans votre offre ? Que faites vous pour les propri\u00e9taires ? <\/a>\n\t\t\t\t\t<\/div>\n\n\t\t\t\t\t<div id=\"elementor-tab-content-1382\" class=\"elementor-tab-content elementor-clearfix\" data-tab=\"2\" role=\"tabpanel\" aria-labelledby=\"elementor-tab-title-1382\"><p>Nous nous occupons des photos, de la mise en ligne de votre annonce, du logement, des demandes de renseignements, des r\u00e9servations, du marketing, de la rencontre avec les clients et de l&rsquo;accueil (lorsque cela est possible), du m\u00e9nage et de l&rsquo;entretien.&nbsp;<\/p><p><br>Nous faisons tout notre possible pour vous aider \u00e0 g\u00e9n\u00e9rer le plus de revenus possible de votre location et vous faire gagner du temps en faisant le plus\/tout le travail pour vous.&nbsp;<\/p><p>Cela inclut l&rsquo;organisation du nettoyage, la r\u00e9ponse aux probl\u00e8mes des clients avant, pendant et apr\u00e8s leur s\u00e9jour, le recours \u00e0 un homme \u00e0 tout faire, un plombier, ou un \u00e9lectricien si n\u00e9cessaire.&nbsp;<\/p><p>Nous avons une \u00e9quipe qui sur place qui peut se rendre au domicile et en revenir, rencontrer les invit\u00e9s, superviser les nettoyages pour assurer que votre appartement reste entretenu.<\/p><\/div>\n\t\t\t\t<\/div>\n\t\t\t\t\t\t\t<div class=\"elementor-toggle-item\">\n\t\t\t\t\t<div id=\"elementor-tab-title-1383\" class=\"elementor-tab-title\" data-tab=\"3\" role=\"tab\" aria-controls=\"elementor-tab-content-1383\" aria-expanded=\"false\">\n\t\t\t\t\t\t\t\t\t\t\t\t<span class=\"elementor-toggle-icon elementor-toggle-icon-right\" aria-hidden=\"true\">\n\t\t\t\t\t\t\t\t\t\t\t\t\t\t\t<span class=\"elementor-toggle-icon-closed\"><i class=\"fas fa-caret-right\"><\/i><\/span>\n\t\t\t\t\t\t\t\t<span class=\"elementor-toggle-icon-opened\"><i class=\"elementor-toggle-icon-opened fas fa-caret-up\"><\/i><\/span>\n\t\t\t\t\t\t\t\t\t\t\t\t\t<\/span>\n\t\t\t\t\t\t\t\t\t\t\t\t<a href=\"\" class=\"elementor-toggle-title\">Comment est calcul\u00e9e la commission ?<\/a>\n\t\t\t\t\t<\/div>\n\n\t\t\t\t\t<div id=\"elementor-tab-content-1383\" class=\"elementor-tab-content elementor-clearfix\" data-tab=\"3\" role=\"tabpanel\" aria-labelledby=\"elementor-tab-title-1383\"><p>Nous percevons une commission de 20% calcul\u00e9e uniquement sur le prix des nuits factur\u00e9es au voyageur.<\/p>\n<p>Contrairement \u00e0 de nombreuses conciergerie<strong> la commission est calcul\u00e9e uniquement sur le montant Net des r\u00e9servations<\/strong>, et non pas sur le montant brut comprenant la commission des plateformes\u00a0<\/p>\n<p><\/p>\n<p>Notre commission n&rsquo;inclut donc pas les autres frais factur\u00e9s aux voyageurs, tels que les frais de m\u00e9nage ou cautions remboursables.<\/p><\/div>\n\t\t\t\t<\/div>\n\t\t\t\t\t\t\t<div class=\"elementor-toggle-item\">\n\t\t\t\t\t<div id=\"elementor-tab-title-1384\" class=\"elementor-tab-title\" data-tab=\"4\" role=\"tab\" aria-controls=\"elementor-tab-content-1384\" aria-expanded=\"false\">\n\t\t\t\t\t\t\t\t\t\t\t\t<span class=\"elementor-toggle-icon elementor-toggle-icon-right\" aria-hidden=\"true\">\n\t\t\t\t\t\t\t\t\t\t\t\t\t\t\t<span class=\"elementor-toggle-icon-closed\"><i class=\"fas fa-caret-right\"><\/i><\/span>\n\t\t\t\t\t\t\t\t<span class=\"elementor-toggle-icon-opened\"><i class=\"elementor-toggle-icon-opened fas fa-caret-up\"><\/i><\/span>\n\t\t\t\t\t\t\t\t\t\t\t\t\t<\/span>\n\t\t\t\t\t\t\t\t\t\t\t\t<a href=\"\" class=\"elementor-toggle-title\">Est-ce que Nice Versa r\u00e9pond au demandes des clients ?<\/a>\n\t\t\t\t\t<\/div>\n\n\t\t\t\t\t<div id=\"elementor-tab-content-1384\" class=\"elementor-tab-content elementor-clearfix\" data-tab=\"4\" role=\"tabpanel\" aria-labelledby=\"elementor-tab-title-1384\"><p>Oui. Imm\u00e9diatement. Dans les minutes qui suivent. Parfois plus rapidement. Nous sommes m\u00eame sp\u00e9cialement reconnus par des sites web comme Airbnb pour notre note de 100 % pour les temps de r\u00e9ponse en 24 heures. Au cours de l&rsquo;ann\u00e9e derni\u00e8re. Ce qui couvre des centaines de demandes.<\/p>\n<p>Les voyageurs attendent des r\u00e9ponses rapides quand il s&rsquo;agit de trouver un s\u00e9jour et c&rsquo;est souvent la personne qui leur r\u00e9pond en premier qui retient leur attention.<\/p><\/div>\n\t\t\t\t<\/div>\n\t\t\t\t\t\t\t<div class=\"elementor-toggle-item\">\n\t\t\t\t\t<div id=\"elementor-tab-title-1385\" class=\"elementor-tab-title\" data-tab=\"5\" role=\"tab\" aria-controls=\"elementor-tab-content-1385\" aria-expanded=\"false\">\n\t\t\t\t\t\t\t\t\t\t\t\t<span class=\"elementor-toggle-icon elementor-toggle-icon-right\" aria-hidden=\"true\">\n\t\t\t\t\t\t\t\t\t\t\t\t\t\t\t<span class=\"elementor-toggle-icon-closed\"><i class=\"fas fa-caret-right\"><\/i><\/span>\n\t\t\t\t\t\t\t\t<span class=\"elementor-toggle-icon-opened\"><i class=\"elementor-toggle-icon-opened fas fa-caret-up\"><\/i><\/span>\n\t\t\t\t\t\t\t\t\t\t\t\t\t<\/span>\n\t\t\t\t\t\t\t\t\t\t\t\t<a href=\"\" class=\"elementor-toggle-title\">Quand vais-je recevoir mon argent  ? <\/a>\n\t\t\t\t\t<\/div>\n\n\t\t\t\t\t<div id=\"elementor-tab-content-1385\" class=\"elementor-tab-content elementor-clearfix\" data-tab=\"5\" role=\"tabpanel\" aria-labelledby=\"elementor-tab-title-1385\"><p>Vous recevez les revenus de chaque r\u00e9servation environ 2 \u00e0 3 jours apr\u00e8s l&rsquo;arriv\u00e9e du voyageur.&nbsp; Nice Versa ne collecte aucun paiement aupr\u00e8s de vos voyageurs.&nbsp;<\/p><p>Vous recevrez donc des virement directement sur votre compte au fil du mois en fonction des r\u00e9servations, votre tr\u00e9sorerie reste constamment positive puisque vous \u00eates toujours pay\u00e9 AVANT de r\u00e9gler notre commission.<\/p><\/div>\n\t\t\t\t<\/div>\n\t\t\t\t\t\t\t<div class=\"elementor-toggle-item\">\n\t\t\t\t\t<div id=\"elementor-tab-title-1386\" class=\"elementor-tab-title\" data-tab=\"6\" role=\"tab\" aria-controls=\"elementor-tab-content-1386\" aria-expanded=\"false\">\n\t\t\t\t\t\t\t\t\t\t\t\t<span class=\"elementor-toggle-icon elementor-toggle-icon-right\" aria-hidden=\"true\">\n\t\t\t\t\t\t\t\t\t\t\t\t\t\t\t<span class=\"elementor-toggle-icon-closed\"><i class=\"fas fa-caret-right\"><\/i><\/span>\n\t\t\t\t\t\t\t\t<span class=\"elementor-toggle-icon-opened\"><i class=\"elementor-toggle-icon-opened fas fa-caret-up\"><\/i><\/span>\n\t\t\t\t\t\t\t\t\t\t\t\t\t<\/span>\n\t\t\t\t\t\t\t\t\t\t\t\t<a href=\"\" class=\"elementor-toggle-title\">Qui paye les frais de m\u00e9nage ?<\/a>\n\t\t\t\t\t<\/div>\n\n\t\t\t\t\t<div id=\"elementor-tab-content-1386\" class=\"elementor-tab-content elementor-clearfix\" data-tab=\"6\" role=\"tabpanel\" aria-labelledby=\"elementor-tab-title-1386\"><p>Chaque voyageur doit payer des frais de m\u00e9nage dans le cadre de son s\u00e9jour.<\/p>\n<p>Nous fixons un montant forfaitaire avec nos prestataire de nettoyage en fonction de la taille et de la dur\u00e9e d&rsquo;un m\u00e9nage standard de votre logement, y compris les zones ext\u00e9rieures, la blanchisserie, le nettoyage des appareils \u00e9lectrom\u00e9nagers et la pr\u00e9sentation de l&rsquo;appartement.<\/p>\n<p>Vous encaissez les frais de m\u00e9nage directement sur votre compte au m\u00eame moment que les revenus des r\u00e9servations et il seront \u00e0 r\u00e9gler en fin de mois dans notre facture comprenant la commission\u00a0<\/p>\n<p>Dans les cas o\u00f9 nos prestataires doivent facturer des frais suppl\u00e9mentaires (salet\u00e9 excessive, nettoyage anormal, etc.), nous travaillerons avec les clients pour r\u00e9cup\u00e9rer ces frais suppl\u00e9mentaires ou nous utiliserons la caution, le cas \u00e9ch\u00e9ant.<\/p><\/div>\n\t\t\t\t<\/div>\n\t\t\t\t\t\t\t<div class=\"elementor-toggle-item\">\n\t\t\t\t\t<div id=\"elementor-tab-title-1387\" class=\"elementor-tab-title\" data-tab=\"7\" role=\"tab\" aria-controls=\"elementor-tab-content-1387\" aria-expanded=\"false\">\n\t\t\t\t\t\t\t\t\t\t\t\t<span class=\"elementor-toggle-icon elementor-toggle-icon-right\" aria-hidden=\"true\">\n\t\t\t\t\t\t\t\t\t\t\t\t\t\t\t<span class=\"elementor-toggle-icon-closed\"><i class=\"fas fa-caret-right\"><\/i><\/span>\n\t\t\t\t\t\t\t\t<span class=\"elementor-toggle-icon-opened\"><i class=\"elementor-toggle-icon-opened fas fa-caret-up\"><\/i><\/span>\n\t\t\t\t\t\t\t\t\t\t\t\t\t<\/span>\n\t\t\t\t\t\t\t\t\t\t\t\t<a href=\"\" class=\"elementor-toggle-title\">Dans quelle ville etes vous pr\u00e9sent ?<\/a>\n\t\t\t\t\t<\/div>\n\n\t\t\t\t\t<div id=\"elementor-tab-content-1387\" class=\"elementor-tab-content elementor-clearfix\" data-tab=\"7\" role=\"tabpanel\" aria-labelledby=\"elementor-tab-title-1387\"><p>Nice \/ Villefranche-sur-mer \/ Saint-Laurent-du-var&nbsp;<\/p><\/div>\n\t\t\t\t<\/div>\n\t\t\t\t\t\t\t<div class=\"elementor-toggle-item\">\n\t\t\t\t\t<div id=\"elementor-tab-title-1388\" class=\"elementor-tab-title\" data-tab=\"8\" role=\"tab\" aria-controls=\"elementor-tab-content-1388\" aria-expanded=\"false\">\n\t\t\t\t\t\t\t\t\t\t\t\t<span class=\"elementor-toggle-icon elementor-toggle-icon-right\" aria-hidden=\"true\">\n\t\t\t\t\t\t\t\t\t\t\t\t\t\t\t<span class=\"elementor-toggle-icon-closed\"><i class=\"fas fa-caret-right\"><\/i><\/span>\n\t\t\t\t\t\t\t\t<span class=\"elementor-toggle-icon-opened\"><i class=\"elementor-toggle-icon-opened fas fa-caret-up\"><\/i><\/span>\n\t\t\t\t\t\t\t\t\t\t\t\t\t<\/span>\n\t\t\t\t\t\t\t\t\t\t\t\t<a href=\"\" class=\"elementor-toggle-title\">SI JE SUIS LE PROPRI\u00c9TAIRE, PUIS-JE NETTOYER L'APPARTEMENT MOI-M\u00caME APR\u00c8S MON S\u00c9JOUR ?<\/a>\n\t\t\t\t\t<\/div>\n\n\t\t\t\t\t<div id=\"elementor-tab-content-1388\" class=\"elementor-tab-content elementor-clearfix\" data-tab=\"8\" role=\"tabpanel\" aria-labelledby=\"elementor-tab-title-1388\"><p>En un mot, non. Pourquoi ? Parce qu&rsquo;il n&rsquo;y a pas de norme de proc\u00e9dure. Nous ne pouvons pas garantir que le nettoyage sera fait selon les normes attendues par un client. En cas de probl\u00e8me, le client peut avoir droit \u00e0 un remboursement ou \u00e0 un cr\u00e9dit. C&rsquo;est pourquoi nous demandons \u00e0 nos prestataires professionnels de s&rsquo;occuper de tous les clients (famille, amis ou autre).<\/p>\n<p>De m\u00eame, lorsqu&rsquo;il s&rsquo;agit de payer ces nettoyages, les propri\u00e9taires sont factur\u00e9s au m\u00eame taux que les voyageurs, quelle que soit la dur\u00e9e du s\u00e9jour.<\/p><\/div>\n\t\t\t\t<\/div>\n\t\t\t\t\t\t\t<div class=\"elementor-toggle-item\">\n\t\t\t\t\t<div id=\"elementor-tab-title-1389\" class=\"elementor-tab-title\" data-tab=\"9\" role=\"tab\" aria-controls=\"elementor-tab-content-1389\" aria-expanded=\"false\">\n\t\t\t\t\t\t\t\t\t\t\t\t<span class=\"elementor-toggle-icon elementor-toggle-icon-right\" aria-hidden=\"true\">\n\t\t\t\t\t\t\t\t\t\t\t\t\t\t\t<span class=\"elementor-toggle-icon-closed\"><i class=\"fas fa-caret-right\"><\/i><\/span>\n\t\t\t\t\t\t\t\t<span class=\"elementor-toggle-icon-opened\"><i class=\"elementor-toggle-icon-opened fas fa-caret-up\"><\/i><\/span>\n\t\t\t\t\t\t\t\t\t\t\t\t\t<\/span>\n\t\t\t\t\t\t\t\t\t\t\t\t<a href=\"\" class=\"elementor-toggle-title\">Quelle proc\u00e9dure dois-je suivre pour exploiter mon bien en Courte dur\u00e9e \u00e0 Nice ?<\/a>\n\t\t\t\t\t<\/div>\n\n\t\t\t\t\t<div id=\"elementor-tab-content-1389\" class=\"elementor-tab-content elementor-clearfix\" data-tab=\"9\" role=\"tabpanel\" aria-labelledby=\"elementor-tab-title-1389\"><p><strong>1. Op\u00e9rer une d\u00e9claration de d\u00e9but d\u2019activit\u00e9<\/strong><\/p>\n<p>Vous devez vous d\u00e9clarer en tant que<span>\u00a0<\/span><strong>Loueur en Meubl\u00e9 Non Professionnel (LMNP)<\/strong><span>\u00a0<\/span>aupr\u00e8s du greffe du Tribunal de Commerce territorialement comp\u00e9tent dans les 15 jours suivant le d\u00e9but de votre activit\u00e9. Vous vous verrez alors d\u00e9livrer votre num\u00e9ro Siret et pourrez ensuite choisir le<span>\u00a0<\/span>r\u00e9gime fiscal le plus ad\u00e9quat.<\/p>\n<p><strong>2. D\u00e9clarer votre logement meubl\u00e9 saisonnier en mairie<\/strong><\/p>\n<p>Vous devez signaler en mairie votre intention d\u2019utiliser le logement en location saisonni\u00e8re. Si vous oubliez de le faire, vous serez passible d\u2019une amende de 450 \u20ac.<\/p>\n<p><strong>3. Autorisation temporaire de changement d\u2019usage<\/strong><\/p>\n<p>La ville de Nice demande de faire une d\u00e9claration de changement d\u2019usage. Cette autorisation sera limit\u00e9e dans le temps (6 ans pour un seul et m\u00eame bien).<\/p>\n<p>Si vous omettez cette demande d\u2019autorisation, vous risquez une amende de 25 000 \u20ac.<\/p>\n<p><strong>4. Verser la taxe de s\u00e9jour \u00e0 la commune<\/strong><\/p>\n<p>En tant que loueur d\u2019un meubl\u00e9 touristique, vous ne devez pas r\u00e9gler la taxe d\u2019habitation mais vous acquitter d\u2019une taxe de s\u00e9jour calcul\u00e9e par personne et par nuit\u00e9e.\u00a0<\/p>\n<p>La loi oblige les plateformes de locations (Airbnb, Booking&#8230;) \u00e0 r\u00e9colter et reverser automatiquement cette taxe \u00e0 la ville.<\/p><\/div>\n\t\t\t\t<\/div>\n\t\t\t\t\t\t\t<div class=\"elementor-toggle-item\">\n\t\t\t\t\t<div id=\"elementor-tab-title-13810\" class=\"elementor-tab-title\" data-tab=\"10\" role=\"tab\" aria-controls=\"elementor-tab-content-13810\" aria-expanded=\"false\">\n\t\t\t\t\t\t\t\t\t\t\t\t<span class=\"elementor-toggle-icon elementor-toggle-icon-right\" aria-hidden=\"true\">\n\t\t\t\t\t\t\t\t\t\t\t\t\t\t\t<span class=\"elementor-toggle-icon-closed\"><i class=\"fas fa-caret-right\"><\/i><\/span>\n\t\t\t\t\t\t\t\t<span class=\"elementor-toggle-icon-opened\"><i class=\"elementor-toggle-icon-opened fas fa-caret-up\"><\/i><\/span>\n\t\t\t\t\t\t\t\t\t\t\t\t\t<\/span>\n\t\t\t\t\t\t\t\t\t\t\t\t<a href=\"\" class=\"elementor-toggle-title\">Quelle est la dur\u00e9e d'engagement si je signe un contrat de gestion ?<\/a>\n\t\t\t\t\t<\/div>\n\n\t\t\t\t\t<div id=\"elementor-tab-content-13810\" class=\"elementor-tab-content elementor-clearfix\" data-tab=\"10\" role=\"tabpanel\" aria-labelledby=\"elementor-tab-title-13810\"><p>Contrairement aux autres conciergeries, Nice-Versa vous laisse la libert\u00e9 de changer d&rsquo;avis \u00e0 tout moment !\u00a0<\/p>\n<p>Nous sommes tellement convaincus par la qualit\u00e9 de nos services que <b>notre contrat n&rsquo;impose aucun engagement sur la dur\u00e9e<\/b>. C&rsquo;est nous qui prenons le risque \u00e0 votre place.\u00a0<\/p>\n<p>Nous construisons un partenariat Gagnant \/ Gagnant avec les propri\u00e9taires et nous pensons que vous serez convaincus par nos services,\u00a0<span style=\"font-family: var( --e-global-typography-text-font-family ), Sans-serif;\">il n&rsquo;y a donc pas d&rsquo;inter\u00eat \u00e0 vous retenir avec une clause d&rsquo;engagement comme le font les autres conciergeries.\u00a0<\/span><\/p><\/div>\n\t\t\t\t<\/div>\n\t\t\t\t\t\t\t\t<\/div>\n\t\t\t\t<\/div>\n\t\t\t\t<\/div>\n\t\t\t\t\t\t<\/div>\n\t\t\t\t\t<\/div>\n\t\t<\/div>\n\t\t\t\t\t\t\t\t<\/div>\n\t\t\t\t\t<\/div>\n\t\t<\/section>\n\t\t\t\t\t\t\t\t\t<\/div>\n\t\t\t<\/div>\n\t\t\t\t\t<\/div>\n\t\t","protected":false},"excerpt":{"rendered":"<p>FAQ Questions et r\u00e9ponses les plus fr\u00e9quentes combien puis-je esp\u00e9rer gagner ? Il est difficile de pr\u00e9voir un revenu potentiel sans conna\u00eetre les atouts de votre appartement.\u00a0 N\u00e9anmoins, la location courte dur\u00e9e permet g\u00e9n\u00e9ralement d&rsquo;obtenir des revenus en moyenne 2 \u00e0 3 fois sup\u00e9rieurs \u00e0 de la location classique selon [&hellip;]<\/p>\n","protected":false},"author":1,"featured_media":0,"parent":0,"menu_order":0,"comment_status":"closed","ping_status":"closed","template":"elementor_header_footer","meta":{"footnotes":""},"class_list":["post-387","page","type-page","status-publish","hentry"],"jetpack_sharing_enabled":true,"_links":{"self":[{"href":"https:\/\/niceversa.com\/index.php?rest_route=\/wp\/v2\/pages\/387"}],"collection":[{"href":"https:\/\/niceversa.com\/index.php?rest_route=\/wp\/v2\/pages"}],"about":[{"href":"https:\/\/niceversa.com\/index.php?rest_route=\/wp\/v2\/types\/page"}],"author":[{"embeddable":true,"href":"https:\/\/niceversa.com\/index.php?rest_route=\/wp\/v2\/users\/1"}],"replies":[{"embeddable":true,"href":"https:\/\/niceversa.com\/index.php?rest_route=%2Fwp%2Fv2%2Fcomments&post=387"}],"version-history":[{"count":19,"href":"https:\/\/niceversa.com\/index.php?rest_route=\/wp\/v2\/pages\/387\/revisions"}],"predecessor-version":[{"id":826,"href":"https:\/\/niceversa.com\/index.php?rest_route=\/wp\/v2\/pages\/387\/revisions\/826"}],"wp:attachment":[{"href":"https:\/\/niceversa.com\/index.php?rest_route=%2Fwp%2Fv2%2Fmedia&parent=387"}],"curies":[{"name":"wp","href":"https:\/\/api.w.org\/{rel}","templated":true}]}}