{"id":515,"date":"2020-04-23T14:12:05","date_gmt":"2020-04-23T12:12:05","guid":{"rendered":"http:\/\/niceversa.com\/?page_id=515"},"modified":"2022-03-10T10:10:41","modified_gmt":"2022-03-10T09:10:41","slug":"contact","status":"publish","type":"page","link":"https:\/\/niceversa.com\/?page_id=515","title":{"rendered":"CONTACT"},"content":{"rendered":"\t\t<div data-elementor-type=\"wp-page\" data-elementor-id=\"515\" class=\"elementor elementor-515\">\n\t\t\t\t\t\t<div class=\"elementor-inner\">\n\t\t\t\t<div class=\"elementor-section-wrap\">\n\t\t\t\t\t\t\t\t\t<section class=\"elementor-section elementor-top-section elementor-element elementor-element-43b233f elementor-section-boxed elementor-section-height-default elementor-section-height-default\" data-id=\"43b233f\" data-element_type=\"section\" data-settings=\"{&quot;background_background&quot;:&quot;classic&quot;}\">\n\t\t\t\t\t\t<div class=\"elementor-container elementor-column-gap-default\">\n\t\t\t\t\t\t\t<div class=\"elementor-row\">\n\t\t\t\t\t<div class=\"elementor-column elementor-col-100 elementor-top-column elementor-element elementor-element-b7278a1\" data-id=\"b7278a1\" data-element_type=\"column\">\n\t\t\t<div class=\"elementor-column-wrap elementor-element-populated\">\n\t\t\t\t\t\t\t<div class=\"elementor-widget-wrap\">\n\t\t\t\t\t\t<div class=\"elementor-element elementor-element-a0e990a elementor-widget elementor-widget-heading\" data-id=\"a0e990a\" data-element_type=\"widget\" data-widget_type=\"heading.default\">\n\t\t\t\t<div class=\"elementor-widget-container\">\n\t\t\t<h5 class=\"elementor-heading-title elementor-size-default\">Demandez-nous une estimation du potentiel locatif de votre logement <\/h5>\t\t<\/div>\n\t\t\t\t<\/div>\n\t\t\t\t<div class=\"elementor-element elementor-element-622995a elementor-widget elementor-widget-heading\" data-id=\"622995a\" data-element_type=\"widget\" data-widget_type=\"heading.default\">\n\t\t\t\t<div class=\"elementor-widget-container\">\n\t\t\t<h1 class=\"elementor-heading-title elementor-size-xl\">CONTACTEZ-NOUS !<\/h1>\t\t<\/div>\n\t\t\t\t<\/div>\n\t\t\t\t\t\t<\/div>\n\t\t\t\t\t<\/div>\n\t\t<\/div>\n\t\t\t\t\t\t\t\t<\/div>\n\t\t\t\t\t<\/div>\n\t\t<\/section>\n\t\t\t\t<section class=\"elementor-section elementor-top-section elementor-element elementor-element-673e35ad elementor-section-boxed elementor-section-height-default elementor-section-height-default\" data-id=\"673e35ad\" data-element_type=\"section\">\n\t\t\t\t\t\t<div class=\"elementor-container elementor-column-gap-default\">\n\t\t\t\t\t\t\t<div class=\"elementor-row\">\n\t\t\t\t\t<div class=\"elementor-column elementor-col-100 elementor-top-column elementor-element elementor-element-1bd47c6d\" data-id=\"1bd47c6d\" data-element_type=\"column\">\n\t\t\t<div class=\"elementor-column-wrap elementor-element-populated\">\n\t\t\t\t\t\t\t<div class=\"elementor-widget-wrap\">\n\t\t\t\t\t\t<div class=\"elementor-element elementor-element-6a879b23 elementor-widget elementor-widget-text-editor\" data-id=\"6a879b23\" data-element_type=\"widget\" data-widget_type=\"text-editor.default\">\n\t\t\t\t<div class=\"elementor-widget-container\">\n\t\t\t\t\t\t\t\t<div class=\"elementor-text-editor elementor-clearfix\">\n\t\t\t\t<div class=\"wpforms-container wpforms-container-full\" id=\"wpforms-557\"><form id=\"wpforms-form-557\" class=\"wpforms-validate wpforms-form wpforms-ajax-form\" data-formid=\"557\" method=\"post\" enctype=\"multipart\/form-data\" action=\"\/index.php?rest_route=%2Fwp%2Fv2%2Fpages%2F515\" data-token=\"b6c7319ff48f315e708a8732fb43e5ed\" data-token-time=\"1776213684\"><noscript class=\"wpforms-error-noscript\">Veuillez activer JavaScript dans votre navigateur pour remplir ce formulaire.<\/noscript><div class=\"wpforms-field-container\"><div id=\"wpforms-557-field_1-container\" class=\"wpforms-field wpforms-field-name\" data-field-id=\"1\"><label class=\"wpforms-field-label\">Nom <span class=\"wpforms-required-label\">*<\/span><\/label><div class=\"wpforms-field-row wpforms-field-medium\"><div class=\"wpforms-field-row-block wpforms-first wpforms-one-half\"><input type=\"text\" id=\"wpforms-557-field_1\" class=\"wpforms-field-name-first wpforms-field-required\" name=\"wpforms[fields][1][first]\" required><label for=\"wpforms-557-field_1\" class=\"wpforms-field-sublabel after\">Pr\u00e9nom<\/label><\/div><div class=\"wpforms-field-row-block wpforms-one-half\"><input type=\"text\" id=\"wpforms-557-field_1-last\" class=\"wpforms-field-name-last wpforms-field-required\" name=\"wpforms[fields][1][last]\" required><label for=\"wpforms-557-field_1-last\" class=\"wpforms-field-sublabel after\">Nom<\/label><\/div><\/div><\/div><div id=\"wpforms-557-field_3-container\" class=\"wpforms-field wpforms-field-email\" data-field-id=\"3\"><label class=\"wpforms-field-label\" for=\"wpforms-557-field_3\">E-mail <span class=\"wpforms-required-label\">*<\/span><\/label><input type=\"email\" id=\"wpforms-557-field_3\" class=\"wpforms-field-medium wpforms-field-required\" name=\"wpforms[fields][3]\" spellcheck=\"false\" required><\/div><div id=\"wpforms-557-field_12-container\" class=\"wpforms-field wpforms-field-text\" data-field-id=\"12\"><label class=\"wpforms-field-label\" for=\"wpforms-557-field_12\">Telephone<\/label><input type=\"text\" id=\"wpforms-557-field_12\" class=\"wpforms-field-medium\" name=\"wpforms[fields][12]\" ><\/div><div id=\"wpforms-557-field_4-container\" class=\"wpforms-field wpforms-field-checkbox\" data-field-id=\"4\"><label class=\"wpforms-field-label\">Quel service vous int\u00e9resse ? <span class=\"wpforms-required-label\">*<\/span><\/label><ul id=\"wpforms-557-field_4\" class=\"wpforms-field-required\" data-choice-limit=\"1\"><li class=\"choice-1 depth-1\"><input type=\"checkbox\" id=\"wpforms-557-field_4_1\" data-rule-check-limit=\"true\" name=\"wpforms[fields][4][]\" value=\" Gestion compl\u00e8te (Mon appartement est d\u00e9j\u00e0 r\u00e9pertori\u00e9)\" required ><label class=\"wpforms-field-label-inline\" for=\"wpforms-557-field_4_1\">Gestion compl\u00e8te (Mon appartement est d\u00e9j\u00e0 r\u00e9pertori\u00e9)<\/label><\/li><li class=\"choice-2 depth-1\"><input type=\"checkbox\" id=\"wpforms-557-field_4_2\" data-rule-check-limit=\"true\" name=\"wpforms[fields][4][]\" value=\" Gestion compl\u00e8te (Je suis pr\u00eat \u00e0 commencer, je n&#039;ai pas encore mis en ligne mon annonce)\" required ><label class=\"wpforms-field-label-inline\" for=\"wpforms-557-field_4_2\">Gestion compl\u00e8te (Je suis pr\u00eat \u00e0 commencer, je n&rsquo;ai pas encore mis en ligne mon annonce)<\/label><\/li><li class=\"choice-3 depth-1\"><input type=\"checkbox\" id=\"wpforms-557-field_4_3\" data-rule-check-limit=\"true\" name=\"wpforms[fields][4][]\" value=\" J&#039;envisage d&#039;acheter un bien immobilier et j&#039;aimerai \u00eatre accompagn\u00e9 dans mon projet\" required ><label class=\"wpforms-field-label-inline\" for=\"wpforms-557-field_4_3\">J&rsquo;envisage d&rsquo;acheter un bien immobilier et j&rsquo;aimerai \u00eatre accompagn\u00e9 dans mon projet<\/label><\/li><\/ul><\/div><div id=\"wpforms-557-field_6-container\" class=\"wpforms-field wpforms-field-checkbox\" data-field-id=\"6\"><label class=\"wpforms-field-label\">Quand esp\u00e9rez-vous commencer \u00e0 louer ?  <span class=\"wpforms-required-label\">*<\/span><\/label><ul id=\"wpforms-557-field_6\" class=\"wpforms-field-required\" data-choice-limit=\"1\"><li class=\"choice-1 depth-1\"><input type=\"checkbox\" id=\"wpforms-557-field_6_1\" data-rule-check-limit=\"true\" name=\"wpforms[fields][6][]\" value=\"D\u00e8s que possible (mon appartement est pr\u00eat\/presque pr\u00eat)\" required ><label class=\"wpforms-field-label-inline\" for=\"wpforms-557-field_6_1\">D\u00e8s que possible (mon appartement est pr\u00eat\/presque pr\u00eat)<\/label><\/li><li class=\"choice-2 depth-1\"><input type=\"checkbox\" id=\"wpforms-557-field_6_2\" data-rule-check-limit=\"true\" name=\"wpforms[fields][6][]\" value=\"Dans moins d&#039;1 mois \" required ><label class=\"wpforms-field-label-inline\" for=\"wpforms-557-field_6_2\">Dans moins d&rsquo;1 mois<\/label><\/li><li class=\"choice-3 depth-1\"><input type=\"checkbox\" id=\"wpforms-557-field_6_3\" data-rule-check-limit=\"true\" name=\"wpforms[fields][6][]\" value=\"Dans 1 \u00e0 3 mois (ou plus)\" required ><label class=\"wpforms-field-label-inline\" for=\"wpforms-557-field_6_3\">Dans 1 \u00e0 3 mois (ou plus)<\/label><\/li><\/ul><\/div><div id=\"wpforms-557-field_9-container\" class=\"wpforms-field wpforms-field-text\" data-field-id=\"9\"><label class=\"wpforms-field-label\" for=\"wpforms-557-field_9\">Message<\/label><input type=\"text\" id=\"wpforms-557-field_9\" class=\"wpforms-field-medium\" name=\"wpforms[fields][9]\" ><\/div><\/div><!-- .wpforms-field-container --><div class=\"wpforms-submit-container\" ><input type=\"hidden\" name=\"wpforms[id]\" value=\"557\"><input type=\"hidden\" name=\"page_title\" value=\"\"><input type=\"hidden\" name=\"page_url\" value=\"https:\/\/niceversa.com\/index.php?rest_route=\/wp\/v2\/pages\/515\"><input type=\"hidden\" name=\"url_referer\" value=\"\"><button type=\"submit\" name=\"wpforms[submit]\" id=\"wpforms-submit-557\" class=\"wpforms-submit\" data-alt-text=\"Envoi...\" data-submit-text=\"Envoyer\" aria-live=\"assertive\" value=\"wpforms-submit\">Envoyer<\/button><img loading=\"lazy\" decoding=\"async\" src=\"https:\/\/niceversa.com\/wp-content\/plugins\/wpforms-lite\/assets\/images\/submit-spin.svg\" class=\"wpforms-submit-spinner\" style=\"display: none;\" width=\"26\" height=\"26\" alt=\"Chargement en cours\"><\/div><\/form><\/div>  <!-- .wpforms-container -->\t\t\t\t\t<\/div>\n\t\t\t\t\t\t<\/div>\n\t\t\t\t<\/div>\n\t\t\t\t<div class=\"elementor-element elementor-element-c5c6665 elementor-widget elementor-widget-heading\" data-id=\"c5c6665\" data-element_type=\"widget\" data-widget_type=\"heading.default\">\n\t\t\t\t<div class=\"elementor-widget-container\">\n\t\t\t<h5 class=\"elementor-heading-title elementor-size-medium\"><br>OU<\/h5>\t\t<\/div>\n\t\t\t\t<\/div>\n\t\t\t\t\t\t<\/div>\n\t\t\t\t\t<\/div>\n\t\t<\/div>\n\t\t\t\t\t\t\t\t<\/div>\n\t\t\t\t\t<\/div>\n\t\t<\/section>\n\t\t\t\t<section class=\"elementor-section elementor-top-section elementor-element elementor-element-7e01071 elementor-section-boxed elementor-section-height-default elementor-section-height-default\" data-id=\"7e01071\" data-element_type=\"section\">\n\t\t\t\t\t\t<div class=\"elementor-container elementor-column-gap-default\">\n\t\t\t\t\t\t\t<div class=\"elementor-row\">\n\t\t\t\t\t<div class=\"elementor-column elementor-col-100 elementor-top-column elementor-element elementor-element-667fa05\" data-id=\"667fa05\" data-element_type=\"column\">\n\t\t\t<div class=\"elementor-column-wrap elementor-element-populated\">\n\t\t\t\t\t\t\t<div class=\"elementor-widget-wrap\">\n\t\t\t\t\t\t<div class=\"elementor-element elementor-element-636f9cf elementor-align-center elementor-widget elementor-widget-button\" data-id=\"636f9cf\" data-element_type=\"widget\" data-widget_type=\"button.default\">\n\t\t\t\t<div class=\"elementor-widget-container\">\n\t\t\t\t\t<div class=\"elementor-button-wrapper\">\n\t\t\t<a href=\"tel:+33683807618\" class=\"elementor-button-link elementor-button elementor-size-lg\" role=\"button\">\n\t\t\t\t\t\t<span class=\"elementor-button-content-wrapper\">\n\t\t\t\t\t\t<span class=\"elementor-button-text\">APPELEZ-MOI<\/span>\n\t\t<\/span>\n\t\t\t\t\t<\/a>\n\t\t<\/div>\n\t\t\t\t<\/div>\n\t\t\t\t<\/div>\n\t\t\t\t\t\t<\/div>\n\t\t\t\t\t<\/div>\n\t\t<\/div>\n\t\t\t\t\t\t\t\t<\/div>\n\t\t\t\t\t<\/div>\n\t\t<\/section>\n\t\t\t\t\t\t\t\t\t<\/div>\n\t\t\t<\/div>\n\t\t\t\t\t<\/div>\n\t\t","protected":false},"excerpt":{"rendered":"<p>Demandez-nous une estimation du potentiel locatif de votre logement CONTACTEZ-NOUS ! OU APPELEZ-MOI<\/p>\n","protected":false},"author":1,"featured_media":0,"parent":0,"menu_order":0,"comment_status":"closed","ping_status":"closed","template":"","meta":{"footnotes":""},"class_list":["post-515","page","type-page","status-publish","hentry"],"jetpack_sharing_enabled":true,"_links":{"self":[{"href":"https:\/\/niceversa.com\/index.php?rest_route=\/wp\/v2\/pages\/515"}],"collection":[{"href":"https:\/\/niceversa.com\/index.php?rest_route=\/wp\/v2\/pages"}],"about":[{"href":"https:\/\/niceversa.com\/index.php?rest_route=\/wp\/v2\/types\/page"}],"author":[{"embeddable":true,"href":"https:\/\/niceversa.com\/index.php?rest_route=\/wp\/v2\/users\/1"}],"replies":[{"embeddable":true,"href":"https:\/\/niceversa.com\/index.php?rest_route=%2Fwp%2Fv2%2Fcomments&post=515"}],"version-history":[{"count":56,"href":"https:\/\/niceversa.com\/index.php?rest_route=\/wp\/v2\/pages\/515\/revisions"}],"predecessor-version":[{"id":846,"href":"https:\/\/niceversa.com\/index.php?rest_route=\/wp\/v2\/pages\/515\/revisions\/846"}],"wp:attachment":[{"href":"https:\/\/niceversa.com\/index.php?rest_route=%2Fwp%2Fv2%2Fmedia&parent=515"}],"curies":[{"name":"wp","href":"https:\/\/api.w.org\/{rel}","templated":true}]}}